{"id":5,"date":"2020-12-05T18:37:47","date_gmt":"2020-12-05T17:37:47","guid":{"rendered":"https:\/\/aux3nuances.fr\/?page_id=5"},"modified":"2026-02-15T19:07:58","modified_gmt":"2026-02-15T18:07:58","slug":"suite-pacifique","status":"publish","type":"page","link":"https:\/\/aux3nuances.fr\/en\/suite-pacifique\/","title":{"rendered":"Suite privative Pacifique"},"content":{"rendered":"","protected":false},"excerpt":{"rendered":"","protected":false},"author":1,"featured_media":0,"parent":0,"menu_order":0,"comment_status":"closed","ping_status":"closed","template":"pages\/chambre-industriel.php","meta":{"footnotes":""},"class_list":["post-5","page","type-page","status-publish","hentry"],"yoast_head":"<!-- This site is optimized with the Yoast SEO plugin v26.4 - https:\/\/yoast.com\/wordpress\/plugins\/seo\/ -->\n<title>Suite privative Pacifique - Aux 3 Nuances<\/title>\n<meta name=\"description\" content=\"La Suite Pacifique est un sanctuaire c\u00f4tier inspir\u00e9 par l\u2019immensit\u00e9 de l\u2019oc\u00e9an.\u00c9l\u00e9gance contemporaine, lumi\u00e8re fluide et jacuzzi baln\u00e9o priv\u00e9 cr\u00e9ent une parenth\u00e8se intime d\u00e9di\u00e9e au calme et au bien-\u00eatre.\" \/>\n<meta name=\"robots\" content=\"index, follow, max-snippet:-1, max-image-preview:large, max-video-preview:-1\" \/>\n<link rel=\"canonical\" href=\"https:\/\/aux3nuances.fr\/en\/suite-pacifique\/\" \/>\n<meta property=\"og:locale\" content=\"en_GB\" \/>\n<meta property=\"og:type\" content=\"article\" \/>\n<meta property=\"og:title\" content=\"Suite privative Pacifique - Aux 3 Nuances\" \/>\n<meta property=\"og:description\" content=\"La Suite Pacifique est un sanctuaire c\u00f4tier inspir\u00e9 par l\u2019immensit\u00e9 de l\u2019oc\u00e9an.\u00c9l\u00e9gance contemporaine, lumi\u00e8re fluide et jacuzzi baln\u00e9o priv\u00e9 cr\u00e9ent une parenth\u00e8se intime d\u00e9di\u00e9e au calme et au bien-\u00eatre.\" \/>\n<meta property=\"og:url\" content=\"https:\/\/aux3nuances.fr\/en\/suite-pacifique\/\" \/>\n<meta property=\"og:site_name\" content=\"Aux 3 Nuances\" \/>\n<meta property=\"article:modified_time\" content=\"2026-02-15T18:07:58+00:00\" \/>\n<meta property=\"og:image\" content=\"https:\/\/aux3nuances.fr\/wp-content\/uploads\/2021\/03\/og-berlin.jpg\" \/>\n\t<meta property=\"og:image:width\" content=\"1200\" \/>\n\t<meta property=\"og:image:height\" content=\"600\" \/>\n\t<meta property=\"og:image:type\" content=\"image\/jpeg\" \/>\n<meta name=\"twitter:card\" content=\"summary_large_image\" \/>\n<script type=\"application\/ld+json\" class=\"yoast-schema-graph\">{\"@context\":\"https:\/\/schema.org\",\"@graph\":[{\"@type\":\"WebPage\",\"@id\":\"https:\/\/aux3nuances.fr\/suite-pacifique\/\",\"url\":\"https:\/\/aux3nuances.fr\/suite-pacifique\/\",\"name\":\"Suite privative Pacifique - Aux 3 Nuances\",\"isPartOf\":{\"@id\":\"https:\/\/aux3nuances.fr\/#website\"},\"datePublished\":\"2020-12-05T17:37:47+00:00\",\"dateModified\":\"2026-02-15T18:07:58+00:00\",\"description\":\"La Suite Pacifique est un sanctuaire c\u00f4tier inspir\u00e9 par l\u2019immensit\u00e9 de l\u2019oc\u00e9an.\u00c9l\u00e9gance contemporaine, lumi\u00e8re fluide et jacuzzi baln\u00e9o priv\u00e9 cr\u00e9ent une parenth\u00e8se intime d\u00e9di\u00e9e au calme et au bien-\u00eatre.\",\"breadcrumb\":{\"@id\":\"https:\/\/aux3nuances.fr\/suite-pacifique\/#breadcrumb\"},\"inLanguage\":\"en-GB\",\"potentialAction\":[{\"@type\":\"ReadAction\",\"target\":[\"https:\/\/aux3nuances.fr\/suite-pacifique\/\"]}]},{\"@type\":\"BreadcrumbList\",\"@id\":\"https:\/\/aux3nuances.fr\/suite-pacifique\/#breadcrumb\",\"itemListElement\":[{\"@type\":\"ListItem\",\"position\":1,\"name\":\"Accueil\",\"item\":\"https:\/\/aux3nuances.fr\/\"},{\"@type\":\"ListItem\",\"position\":2,\"name\":\"Suite privative Pacifique\"}]},{\"@type\":\"WebSite\",\"@id\":\"https:\/\/aux3nuances.fr\/#website\",\"url\":\"https:\/\/aux3nuances.fr\/\",\"name\":\"Aux 3 Nuances\",\"description\":\"Chambres d&#039;h\u00f4te \u00e0 Calais (62200)\",\"publisher\":{\"@id\":\"https:\/\/aux3nuances.fr\/#organization\"},\"potentialAction\":[{\"@type\":\"SearchAction\",\"target\":{\"@type\":\"EntryPoint\",\"urlTemplate\":\"https:\/\/aux3nuances.fr\/?s={search_term_string}\"},\"query-input\":{\"@type\":\"PropertyValueSpecification\",\"valueRequired\":true,\"valueName\":\"search_term_string\"}}],\"inLanguage\":\"en-GB\"},{\"@type\":\"Organization\",\"@id\":\"https:\/\/aux3nuances.fr\/#organization\",\"name\":\"Aux 3 Nuances\",\"url\":\"https:\/\/aux3nuances.fr\/\",\"logo\":{\"@type\":\"ImageObject\",\"inLanguage\":\"en-GB\",\"@id\":\"https:\/\/aux3nuances.fr\/#\/schema\/logo\/image\/\",\"url\":\"https:\/\/aux3nuances.fr\/wp-content\/uploads\/2021\/03\/og-home.jpg\",\"contentUrl\":\"https:\/\/aux3nuances.fr\/wp-content\/uploads\/2021\/03\/og-home.jpg\",\"width\":1200,\"height\":600,\"caption\":\"Aux 3 Nuances\"},\"image\":{\"@id\":\"https:\/\/aux3nuances.fr\/#\/schema\/logo\/image\/\"}}]}<\/script>\n<!-- \/ Yoast SEO plugin. -->","yoast_head_json":{"title":"Suite privative Pacifique - Aux 3 Nuances","description":"La Suite Pacifique est un sanctuaire c\u00f4tier inspir\u00e9 par l\u2019immensit\u00e9 de l\u2019oc\u00e9an.\u00c9l\u00e9gance contemporaine, lumi\u00e8re fluide et jacuzzi baln\u00e9o priv\u00e9 cr\u00e9ent une parenth\u00e8se intime d\u00e9di\u00e9e au calme et au bien-\u00eatre.","robots":{"index":"index","follow":"follow","max-snippet":"max-snippet:-1","max-image-preview":"max-image-preview:large","max-video-preview":"max-video-preview:-1"},"canonical":"https:\/\/aux3nuances.fr\/en\/suite-pacifique\/","og_locale":"en_GB","og_type":"article","og_title":"Suite privative Pacifique - Aux 3 Nuances","og_description":"La Suite Pacifique est un sanctuaire c\u00f4tier inspir\u00e9 par l\u2019immensit\u00e9 de l\u2019oc\u00e9an.\u00c9l\u00e9gance contemporaine, lumi\u00e8re fluide et jacuzzi baln\u00e9o priv\u00e9 cr\u00e9ent une parenth\u00e8se intime d\u00e9di\u00e9e au calme et au bien-\u00eatre.","og_url":"https:\/\/aux3nuances.fr\/en\/suite-pacifique\/","og_site_name":"Aux 3 Nuances","article_modified_time":"2026-02-15T18:07:58+00:00","og_image":[{"width":1200,"height":600,"url":"https:\/\/aux3nuances.fr\/wp-content\/uploads\/2021\/03\/og-berlin.jpg","type":"image\/jpeg"}],"twitter_card":"summary_large_image","schema":{"@context":"https:\/\/schema.org","@graph":[{"@type":"WebPage","@id":"https:\/\/aux3nuances.fr\/suite-pacifique\/","url":"https:\/\/aux3nuances.fr\/suite-pacifique\/","name":"Suite privative Pacifique - Aux 3 Nuances","isPartOf":{"@id":"https:\/\/aux3nuances.fr\/#website"},"datePublished":"2020-12-05T17:37:47+00:00","dateModified":"2026-02-15T18:07:58+00:00","description":"La Suite Pacifique est un sanctuaire c\u00f4tier inspir\u00e9 par l\u2019immensit\u00e9 de l\u2019oc\u00e9an.\u00c9l\u00e9gance contemporaine, lumi\u00e8re fluide et jacuzzi baln\u00e9o priv\u00e9 cr\u00e9ent une parenth\u00e8se intime d\u00e9di\u00e9e au calme et au bien-\u00eatre.","breadcrumb":{"@id":"https:\/\/aux3nuances.fr\/suite-pacifique\/#breadcrumb"},"inLanguage":"en-GB","potentialAction":[{"@type":"ReadAction","target":["https:\/\/aux3nuances.fr\/suite-pacifique\/"]}]},{"@type":"BreadcrumbList","@id":"https:\/\/aux3nuances.fr\/suite-pacifique\/#breadcrumb","itemListElement":[{"@type":"ListItem","position":1,"name":"Accueil","item":"https:\/\/aux3nuances.fr\/"},{"@type":"ListItem","position":2,"name":"Suite privative Pacifique"}]},{"@type":"WebSite","@id":"https:\/\/aux3nuances.fr\/#website","url":"https:\/\/aux3nuances.fr\/","name":"Aux 3 Nuances","description":"Chambres d&#039;h\u00f4te \u00e0 Calais (62200)","publisher":{"@id":"https:\/\/aux3nuances.fr\/#organization"},"potentialAction":[{"@type":"SearchAction","target":{"@type":"EntryPoint","urlTemplate":"https:\/\/aux3nuances.fr\/?s={search_term_string}"},"query-input":{"@type":"PropertyValueSpecification","valueRequired":true,"valueName":"search_term_string"}}],"inLanguage":"en-GB"},{"@type":"Organization","@id":"https:\/\/aux3nuances.fr\/#organization","name":"Aux 3 Nuances","url":"https:\/\/aux3nuances.fr\/","logo":{"@type":"ImageObject","inLanguage":"en-GB","@id":"https:\/\/aux3nuances.fr\/#\/schema\/logo\/image\/","url":"https:\/\/aux3nuances.fr\/wp-content\/uploads\/2021\/03\/og-home.jpg","contentUrl":"https:\/\/aux3nuances.fr\/wp-content\/uploads\/2021\/03\/og-home.jpg","width":1200,"height":600,"caption":"Aux 3 Nuances"},"image":{"@id":"https:\/\/aux3nuances.fr\/#\/schema\/logo\/image\/"}}]}},"_links":{"self":[{"href":"https:\/\/aux3nuances.fr\/en\/wp-json\/wp\/v2\/pages\/5","targetHints":{"allow":["GET"]}}],"collection":[{"href":"https:\/\/aux3nuances.fr\/en\/wp-json\/wp\/v2\/pages"}],"about":[{"href":"https:\/\/aux3nuances.fr\/en\/wp-json\/wp\/v2\/types\/page"}],"author":[{"embeddable":true,"href":"https:\/\/aux3nuances.fr\/en\/wp-json\/wp\/v2\/users\/1"}],"replies":[{"embeddable":true,"href":"https:\/\/aux3nuances.fr\/en\/wp-json\/wp\/v2\/comments?post=5"}],"version-history":[{"count":3,"href":"https:\/\/aux3nuances.fr\/en\/wp-json\/wp\/v2\/pages\/5\/revisions"}],"predecessor-version":[{"id":100,"href":"https:\/\/aux3nuances.fr\/en\/wp-json\/wp\/v2\/pages\/5\/revisions\/100"}],"wp:attachment":[{"href":"https:\/\/aux3nuances.fr\/en\/wp-json\/wp\/v2\/media?parent=5"}],"curies":[{"name":"wp","href":"https:\/\/api.w.org\/{rel}","templated":true}]}}