{"id":8,"date":"2020-12-06T15:33:07","date_gmt":"2020-12-06T14:33:07","guid":{"rendered":"https:\/\/aux3nuances.fr\/?page_id=8"},"modified":"2026-02-15T19:21:47","modified_gmt":"2026-02-15T18:21:47","slug":"suite-sahara","status":"publish","type":"page","link":"https:\/\/aux3nuances.fr\/en\/suite-sahara\/","title":{"rendered":"Suite privative Sahara"},"content":{"rendered":"","protected":false},"excerpt":{"rendered":"","protected":false},"author":1,"featured_media":0,"parent":0,"menu_order":0,"comment_status":"closed","ping_status":"closed","template":"pages\/chambre-oriental.php","meta":{"footnotes":""},"class_list":["post-8","page","type-page","status-publish","hentry"],"yoast_head":"<!-- This site is optimized with the Yoast SEO plugin v26.4 - https:\/\/yoast.com\/wordpress\/plugins\/seo\/ -->\n<title>Suite privative Sahara - Aux 3 Nuances<\/title>\n<meta name=\"description\" content=\"La Suite Sahara est un sanctuaire inspir\u00e9 par le silence et la chaleur du d\u00e9sert.Tons min\u00e9raux, lumi\u00e8re douce et espace priv\u00e9 cr\u00e9ent une parenth\u00e8se intime d\u00e9di\u00e9e au calme et \u00e0 la d\u00e9connexion.\" \/>\n<meta name=\"robots\" content=\"index, follow, max-snippet:-1, max-image-preview:large, max-video-preview:-1\" \/>\n<link rel=\"canonical\" href=\"https:\/\/aux3nuances.fr\/en\/suite-sahara\/\" \/>\n<meta property=\"og:locale\" content=\"en_GB\" \/>\n<meta property=\"og:type\" content=\"article\" \/>\n<meta property=\"og:title\" content=\"Suite privative Sahara - Aux 3 Nuances\" \/>\n<meta property=\"og:description\" content=\"La Suite Sahara est un sanctuaire inspir\u00e9 par le silence et la chaleur du d\u00e9sert.Tons min\u00e9raux, lumi\u00e8re douce et espace priv\u00e9 cr\u00e9ent une parenth\u00e8se intime d\u00e9di\u00e9e au calme et \u00e0 la d\u00e9connexion.\" \/>\n<meta property=\"og:url\" content=\"https:\/\/aux3nuances.fr\/en\/suite-sahara\/\" \/>\n<meta property=\"og:site_name\" content=\"Aux 3 Nuances\" \/>\n<meta property=\"article:modified_time\" content=\"2026-02-15T18:21:47+00:00\" \/>\n<meta property=\"og:image\" content=\"https:\/\/aux3nuances.fr\/wp-content\/uploads\/2021\/03\/og-marrakech.jpg\" \/>\n\t<meta property=\"og:image:width\" content=\"1200\" \/>\n\t<meta property=\"og:image:height\" content=\"600\" \/>\n\t<meta property=\"og:image:type\" content=\"image\/jpeg\" \/>\n<meta name=\"twitter:card\" content=\"summary_large_image\" \/>\n<script type=\"application\/ld+json\" class=\"yoast-schema-graph\">{\"@context\":\"https:\/\/schema.org\",\"@graph\":[{\"@type\":\"WebPage\",\"@id\":\"https:\/\/aux3nuances.fr\/suite-sahara\/\",\"url\":\"https:\/\/aux3nuances.fr\/suite-sahara\/\",\"name\":\"Suite privative Sahara - Aux 3 Nuances\",\"isPartOf\":{\"@id\":\"https:\/\/aux3nuances.fr\/#website\"},\"datePublished\":\"2020-12-06T14:33:07+00:00\",\"dateModified\":\"2026-02-15T18:21:47+00:00\",\"description\":\"La Suite Sahara est un sanctuaire inspir\u00e9 par le silence et la chaleur du d\u00e9sert.Tons min\u00e9raux, lumi\u00e8re douce et espace priv\u00e9 cr\u00e9ent une parenth\u00e8se intime d\u00e9di\u00e9e au calme et \u00e0 la d\u00e9connexion.\",\"breadcrumb\":{\"@id\":\"https:\/\/aux3nuances.fr\/suite-sahara\/#breadcrumb\"},\"inLanguage\":\"en-GB\",\"potentialAction\":[{\"@type\":\"ReadAction\",\"target\":[\"https:\/\/aux3nuances.fr\/suite-sahara\/\"]}]},{\"@type\":\"BreadcrumbList\",\"@id\":\"https:\/\/aux3nuances.fr\/suite-sahara\/#breadcrumb\",\"itemListElement\":[{\"@type\":\"ListItem\",\"position\":1,\"name\":\"Accueil\",\"item\":\"https:\/\/aux3nuances.fr\/\"},{\"@type\":\"ListItem\",\"position\":2,\"name\":\"Suite privative Sahara\"}]},{\"@type\":\"WebSite\",\"@id\":\"https:\/\/aux3nuances.fr\/#website\",\"url\":\"https:\/\/aux3nuances.fr\/\",\"name\":\"Aux 3 Nuances\",\"description\":\"Chambres d&#039;h\u00f4te \u00e0 Calais (62200)\",\"publisher\":{\"@id\":\"https:\/\/aux3nuances.fr\/#organization\"},\"potentialAction\":[{\"@type\":\"SearchAction\",\"target\":{\"@type\":\"EntryPoint\",\"urlTemplate\":\"https:\/\/aux3nuances.fr\/?s={search_term_string}\"},\"query-input\":{\"@type\":\"PropertyValueSpecification\",\"valueRequired\":true,\"valueName\":\"search_term_string\"}}],\"inLanguage\":\"en-GB\"},{\"@type\":\"Organization\",\"@id\":\"https:\/\/aux3nuances.fr\/#organization\",\"name\":\"Aux 3 Nuances\",\"url\":\"https:\/\/aux3nuances.fr\/\",\"logo\":{\"@type\":\"ImageObject\",\"inLanguage\":\"en-GB\",\"@id\":\"https:\/\/aux3nuances.fr\/#\/schema\/logo\/image\/\",\"url\":\"https:\/\/aux3nuances.fr\/wp-content\/uploads\/2021\/03\/og-home.jpg\",\"contentUrl\":\"https:\/\/aux3nuances.fr\/wp-content\/uploads\/2021\/03\/og-home.jpg\",\"width\":1200,\"height\":600,\"caption\":\"Aux 3 Nuances\"},\"image\":{\"@id\":\"https:\/\/aux3nuances.fr\/#\/schema\/logo\/image\/\"}}]}<\/script>\n<!-- \/ Yoast SEO plugin. -->","yoast_head_json":{"title":"Suite privative Sahara - Aux 3 Nuances","description":"La Suite Sahara est un sanctuaire inspir\u00e9 par le silence et la chaleur du d\u00e9sert.Tons min\u00e9raux, lumi\u00e8re douce et espace priv\u00e9 cr\u00e9ent une parenth\u00e8se intime d\u00e9di\u00e9e au calme et \u00e0 la d\u00e9connexion.","robots":{"index":"index","follow":"follow","max-snippet":"max-snippet:-1","max-image-preview":"max-image-preview:large","max-video-preview":"max-video-preview:-1"},"canonical":"https:\/\/aux3nuances.fr\/en\/suite-sahara\/","og_locale":"en_GB","og_type":"article","og_title":"Suite privative Sahara - Aux 3 Nuances","og_description":"La Suite Sahara est un sanctuaire inspir\u00e9 par le silence et la chaleur du d\u00e9sert.Tons min\u00e9raux, lumi\u00e8re douce et espace priv\u00e9 cr\u00e9ent une parenth\u00e8se intime d\u00e9di\u00e9e au calme et \u00e0 la d\u00e9connexion.","og_url":"https:\/\/aux3nuances.fr\/en\/suite-sahara\/","og_site_name":"Aux 3 Nuances","article_modified_time":"2026-02-15T18:21:47+00:00","og_image":[{"width":1200,"height":600,"url":"https:\/\/aux3nuances.fr\/wp-content\/uploads\/2021\/03\/og-marrakech.jpg","type":"image\/jpeg"}],"twitter_card":"summary_large_image","schema":{"@context":"https:\/\/schema.org","@graph":[{"@type":"WebPage","@id":"https:\/\/aux3nuances.fr\/suite-sahara\/","url":"https:\/\/aux3nuances.fr\/suite-sahara\/","name":"Suite privative Sahara - Aux 3 Nuances","isPartOf":{"@id":"https:\/\/aux3nuances.fr\/#website"},"datePublished":"2020-12-06T14:33:07+00:00","dateModified":"2026-02-15T18:21:47+00:00","description":"La Suite Sahara est un sanctuaire inspir\u00e9 par le silence et la chaleur du d\u00e9sert.Tons min\u00e9raux, lumi\u00e8re douce et espace priv\u00e9 cr\u00e9ent une parenth\u00e8se intime d\u00e9di\u00e9e au calme et \u00e0 la d\u00e9connexion.","breadcrumb":{"@id":"https:\/\/aux3nuances.fr\/suite-sahara\/#breadcrumb"},"inLanguage":"en-GB","potentialAction":[{"@type":"ReadAction","target":["https:\/\/aux3nuances.fr\/suite-sahara\/"]}]},{"@type":"BreadcrumbList","@id":"https:\/\/aux3nuances.fr\/suite-sahara\/#breadcrumb","itemListElement":[{"@type":"ListItem","position":1,"name":"Accueil","item":"https:\/\/aux3nuances.fr\/"},{"@type":"ListItem","position":2,"name":"Suite privative Sahara"}]},{"@type":"WebSite","@id":"https:\/\/aux3nuances.fr\/#website","url":"https:\/\/aux3nuances.fr\/","name":"Aux 3 Nuances","description":"Chambres d&#039;h\u00f4te \u00e0 Calais (62200)","publisher":{"@id":"https:\/\/aux3nuances.fr\/#organization"},"potentialAction":[{"@type":"SearchAction","target":{"@type":"EntryPoint","urlTemplate":"https:\/\/aux3nuances.fr\/?s={search_term_string}"},"query-input":{"@type":"PropertyValueSpecification","valueRequired":true,"valueName":"search_term_string"}}],"inLanguage":"en-GB"},{"@type":"Organization","@id":"https:\/\/aux3nuances.fr\/#organization","name":"Aux 3 Nuances","url":"https:\/\/aux3nuances.fr\/","logo":{"@type":"ImageObject","inLanguage":"en-GB","@id":"https:\/\/aux3nuances.fr\/#\/schema\/logo\/image\/","url":"https:\/\/aux3nuances.fr\/wp-content\/uploads\/2021\/03\/og-home.jpg","contentUrl":"https:\/\/aux3nuances.fr\/wp-content\/uploads\/2021\/03\/og-home.jpg","width":1200,"height":600,"caption":"Aux 3 Nuances"},"image":{"@id":"https:\/\/aux3nuances.fr\/#\/schema\/logo\/image\/"}}]}},"_links":{"self":[{"href":"https:\/\/aux3nuances.fr\/en\/wp-json\/wp\/v2\/pages\/8","targetHints":{"allow":["GET"]}}],"collection":[{"href":"https:\/\/aux3nuances.fr\/en\/wp-json\/wp\/v2\/pages"}],"about":[{"href":"https:\/\/aux3nuances.fr\/en\/wp-json\/wp\/v2\/types\/page"}],"author":[{"embeddable":true,"href":"https:\/\/aux3nuances.fr\/en\/wp-json\/wp\/v2\/users\/1"}],"replies":[{"embeddable":true,"href":"https:\/\/aux3nuances.fr\/en\/wp-json\/wp\/v2\/comments?post=8"}],"version-history":[{"count":5,"href":"https:\/\/aux3nuances.fr\/en\/wp-json\/wp\/v2\/pages\/8\/revisions"}],"predecessor-version":[{"id":103,"href":"https:\/\/aux3nuances.fr\/en\/wp-json\/wp\/v2\/pages\/8\/revisions\/103"}],"wp:attachment":[{"href":"https:\/\/aux3nuances.fr\/en\/wp-json\/wp\/v2\/media?parent=8"}],"curies":[{"name":"wp","href":"https:\/\/api.w.org\/{rel}","templated":true}]}}